{"id":1906,"date":"2016-12-31T11:23:49","date_gmt":"2016-12-31T10:23:49","guid":{"rendered":"http:\/\/amc-arnsberg.org\/?page_id=1906"},"modified":"2020-11-21T17:11:36","modified_gmt":"2020-11-21T16:11:36","slug":"arnsberger-klassik-2017","status":"publish","type":"page","link":"https:\/\/amc-arnsberg.org\/?page_id=1906","title":{"rendered":"Arnsberger Klassik 2017"},"content":{"rendered":"\n<div class=\"wp-block-group\"><div class=\"wp-block-group__inner-container is-layout-flow wp-block-group-is-layout-flow\">\n<div class=\"wp-block-group\"><div class=\"wp-block-group__inner-container is-layout-flow wp-block-group-is-layout-flow\">\n<p><em><strong>25. Arnsberger ADAC Klassik\u00a0am 02.09.2017<\/strong><\/em><\/p>\n<h3>Fahrt zum 25. Jubil\u00e4um der Arnsberger Klassik ins Land der 1000 Berge<\/h3>\n<p>Der Automobil- und Motorradclub Arnsberg e.V. im ADAC veranstaltet am 2. September 2017 zum 25. Mal die Arnsberger ADAC Klassik.<br \/>Die Arnsberger ADAC Klassik dient nicht zur Erzielung von H\u00f6chstgeschwindigkeiten. Sie unterstreicht den Wert klassischer Automobile als Kulturgegenstand. Startberechtigt sind <strong>PKW bis zum Baujahr 1984<\/strong> und <strong>Youngtimer von Baujahr 1985 bis 1989<\/strong>, deren Lenker im Besitz einer g\u00fcltigen Fahrerlaubnis sind. Lizenzen sind aber nicht erforderlich.<\/p>\n<p>Die \u00d6rtlichkeit des Starts wird sp\u00e4testens mit der Nennbest\u00e4tigung bekannt gegeben.<\/p>\n<p>Die Veranstaltung ist wahlweise eine sportliche oder touristische Oldtimerfahrt mit historischen Fahrzeugen \u00fcber \u00f6ffentliche Stra\u00dfen in landschaftlich reizvoller Gegend.<\/p>\n<p>Die genaue Fahrtroute finden die Teilnehmer im Bordbuch beschrieben, das mit den \u00fcbrigen Fahrtunterlagen vor dem Start ausgeh\u00e4ndigt wird.<\/p>\n<p>Die Streckenf\u00fchrung verl\u00e4uft fast ausschlie\u00dflich \u00fcber qualifizierte Stra\u00dfen. Die Fahrt ist aufgeteilt in zwei Etappen, die durch eine Mittagspause getrennt sind. Die Einhaltung der Fahrtstrecke wird durch Zeit-, Durchgangs- und unbesetzte Kontrollen \u00fcberwacht.<\/p>\n<p>Einen detaillierten \u00c3\u0153berblick \u00fcber die Veranstaltung bietet die Ausschreibung zur 25. Arnsberger ADAC Klassik &#8222;<em>Fahrt zum 25. Jubil\u00e4um der Arnsberger Klassik ins Land der 1000 Berge&#8220;<\/em>\u00a0mit allen wichtigen Informationen:<\/p>\n<p><a href=\"http:\/\/amc-arnsberg.org\/wp-content\/uploads\/2016\/12\/kl2017_ausschreibung_kurz_v2.pdf\" target=\"_blank\" rel=\"noopener noreferrer\">Ausschreibung 25. Arnsberger ADAC Klassik<\/a><\/p>\n<p>\u00a0<\/p>\n<p><strong>Die maximale Anzahl Teilnehmer ist erreicht, eine Anmeldung ist nicht mehr m\u00f6glich.<\/strong><\/p>\n<\/div><\/div>\n<\/div><\/div>\n","protected":false},"excerpt":{"rendered":"<p>25. Arnsberger ADAC Klassik\u00a0am 02.09.2017 Fahrt zum 25. Jubil\u00e4um der Arnsberger Klassik ins Land der 1000 Berge Der Automobil- und Motorradclub Arnsberg e.V. im ADAC veranstaltet am 2. September 2017 zum 25. Mal die Arnsberger ADAC Klassik.Die Arnsberger ADAC Klassik dient nicht zur Erzielung von H\u00f6chstgeschwindigkeiten. Sie unterstreicht den Wert klassischer Automobile als Kulturgegenstand. Startberechtigt &hellip; <\/p>\n<p class=\"link-more\"><a href=\"https:\/\/amc-arnsberg.org\/?page_id=1906\" class=\"more-link\"><span class=\"screen-reader-text\">\u201eArnsberger Klassik 2017\u201c<\/span> weiterlesen<\/a><\/p>\n","protected":false},"author":5,"featured_media":0,"parent":17,"menu_order":2,"comment_status":"open","ping_status":"open","template":"","meta":{"footnotes":""},"class_list":["post-1906","page","type-page","status-publish","hentry"],"_links":{"self":[{"href":"https:\/\/amc-arnsberg.org\/index.php?rest_route=\/wp\/v2\/pages\/1906","targetHints":{"allow":["GET"]}}],"collection":[{"href":"https:\/\/amc-arnsberg.org\/index.php?rest_route=\/wp\/v2\/pages"}],"about":[{"href":"https:\/\/amc-arnsberg.org\/index.php?rest_route=\/wp\/v2\/types\/page"}],"author":[{"embeddable":true,"href":"https:\/\/amc-arnsberg.org\/index.php?rest_route=\/wp\/v2\/users\/5"}],"replies":[{"embeddable":true,"href":"https:\/\/amc-arnsberg.org\/index.php?rest_route=%2Fwp%2Fv2%2Fcomments&post=1906"}],"version-history":[{"count":10,"href":"https:\/\/amc-arnsberg.org\/index.php?rest_route=\/wp\/v2\/pages\/1906\/revisions"}],"predecessor-version":[{"id":4986,"href":"https:\/\/amc-arnsberg.org\/index.php?rest_route=\/wp\/v2\/pages\/1906\/revisions\/4986"}],"up":[{"embeddable":true,"href":"https:\/\/amc-arnsberg.org\/index.php?rest_route=\/wp\/v2\/pages\/17"}],"wp:attachment":[{"href":"https:\/\/amc-arnsberg.org\/index.php?rest_route=%2Fwp%2Fv2%2Fmedia&parent=1906"}],"curies":[{"name":"wp","href":"https:\/\/api.w.org\/{rel}","templated":true}]}}