{"id":2199,"date":"2018-02-09T12:26:25","date_gmt":"2018-02-09T11:26:25","guid":{"rendered":"http:\/\/amc-arnsberg.org\/?page_id=2199"},"modified":"2026-01-31T11:10:24","modified_gmt":"2026-01-31T10:10:24","slug":"der-aktuelle-vorstand-des-amc-arnsberg-e-v-im-adac","status":"publish","type":"page","link":"https:\/\/amc-arnsberg.org\/?page_id=2199","title":{"rendered":"Der Vorstand"},"content":{"rendered":"\n<p>Der aktuelle Vorstand des AMC Arnsberg e.V. im ADAC 2026<\/p>\n\n\n\n<figure class=\"wp-block-image size-full is-style-rounded\"><a href=\"http:\/\/www.amc-arnsberg.de\/wp-content\/uploads\/2026\/01\/IMG-20260130-WA0004.jpg\"><img loading=\"lazy\" decoding=\"async\" width=\"1983\" height=\"1202\" src=\"http:\/\/www.amc-arnsberg.de\/wp-content\/uploads\/2026\/01\/IMG-20260130-WA0004.jpg\" alt=\"\" class=\"wp-image-7729\" srcset=\"https:\/\/amc-arnsberg.org\/wp-content\/uploads\/2026\/01\/IMG-20260130-WA0004.jpg 1983w, https:\/\/amc-arnsberg.org\/wp-content\/uploads\/2026\/01\/IMG-20260130-WA0004-300x182.jpg 300w, https:\/\/amc-arnsberg.org\/wp-content\/uploads\/2026\/01\/IMG-20260130-WA0004-1024x621.jpg 1024w, https:\/\/amc-arnsberg.org\/wp-content\/uploads\/2026\/01\/IMG-20260130-WA0004-768x466.jpg 768w, https:\/\/amc-arnsberg.org\/wp-content\/uploads\/2026\/01\/IMG-20260130-WA0004-1536x931.jpg 1536w\" sizes=\"auto, (max-width: 767px) 89vw, (max-width: 1000px) 54vw, (max-width: 1071px) 543px, 580px\" \/><\/a><\/figure>\n\n\n\n<p><\/p>\n\n\n\n<p><\/p>\n\n\n\n<p><\/p>\n\n\n\n<p><br>1. Vorsitzender<br>Heinz Schulte-Hobein<br>01775788333<\/p>\n\n\n\n<p>2. Vorsitzender<br>Udo Sroka<\/p>\n\n\n\n<p>Gesch\u00e4ftsf\u00fchrer<br>Thomas Gro\u00dfe Entrup<\/p>\n\n\n\n<p>Schatzmeister<br>J\u00fcrgen Kunstmann<\/p>\n\n\n\n<p>Sportleiter<br>Andre Behrensdorf<\/p>\n\n\n\n<p>Touristikleiter<br>Dirk Waldeyer<\/p>\n\n\n\n<p>Jugendgruppenleiter<br>Markus Dluginski<\/p>\n\n\n\n<p>Verkehrsreferent: Andre Behrensdorf<\/p>\n\n\n\n<p>Beisitzer:&nbsp;Ela Goretzk,  Christiane Emde, Patrick Sroka, Bernhard Ro\u00df, Jochen Giese<\/p>\n\n\n\n<p>Kassenpr\u00fcfer: Christian Augustin, Sebastian Hermann<\/p>\n\n\n\n<p><\/p>\n","protected":false},"excerpt":{"rendered":"<p>Der aktuelle Vorstand des AMC Arnsberg e.V. im ADAC 2026 1. VorsitzenderHeinz Schulte-Hobein01775788333 2. VorsitzenderUdo Sroka Gesch\u00e4ftsf\u00fchrerThomas Gro\u00dfe Entrup SchatzmeisterJ\u00fcrgen Kunstmann SportleiterAndre Behrensdorf TouristikleiterDirk Waldeyer JugendgruppenleiterMarkus Dluginski Verkehrsreferent: Andre Behrensdorf Beisitzer:&nbsp;Ela Goretzk, Christiane Emde, Patrick Sroka, Bernhard Ro\u00df, Jochen Giese Kassenpr\u00fcfer: Christian Augustin, Sebastian Hermann<\/p>\n","protected":false},"author":2,"featured_media":0,"parent":9,"menu_order":1,"comment_status":"closed","ping_status":"closed","template":"","meta":{"footnotes":""},"class_list":["post-2199","page","type-page","status-publish","hentry"],"_links":{"self":[{"href":"https:\/\/amc-arnsberg.org\/index.php?rest_route=\/wp\/v2\/pages\/2199","targetHints":{"allow":["GET"]}}],"collection":[{"href":"https:\/\/amc-arnsberg.org\/index.php?rest_route=\/wp\/v2\/pages"}],"about":[{"href":"https:\/\/amc-arnsberg.org\/index.php?rest_route=\/wp\/v2\/types\/page"}],"author":[{"embeddable":true,"href":"https:\/\/amc-arnsberg.org\/index.php?rest_route=\/wp\/v2\/users\/2"}],"replies":[{"embeddable":true,"href":"https:\/\/amc-arnsberg.org\/index.php?rest_route=%2Fwp%2Fv2%2Fcomments&post=2199"}],"version-history":[{"count":16,"href":"https:\/\/amc-arnsberg.org\/index.php?rest_route=\/wp\/v2\/pages\/2199\/revisions"}],"predecessor-version":[{"id":7732,"href":"https:\/\/amc-arnsberg.org\/index.php?rest_route=\/wp\/v2\/pages\/2199\/revisions\/7732"}],"up":[{"embeddable":true,"href":"https:\/\/amc-arnsberg.org\/index.php?rest_route=\/wp\/v2\/pages\/9"}],"wp:attachment":[{"href":"https:\/\/amc-arnsberg.org\/index.php?rest_route=%2Fwp%2Fv2%2Fmedia&parent=2199"}],"curies":[{"name":"wp","href":"https:\/\/api.w.org\/{rel}","templated":true}]}}