{"id":7569,"date":"2025-11-02T13:20:04","date_gmt":"2025-11-02T12:20:04","guid":{"rendered":"https:\/\/amc-arnsberg.de\/?page_id=7569"},"modified":"2026-02-09T21:56:09","modified_gmt":"2026-02-09T20:56:09","slug":"arnsberger-klassik-2017-2-2-2-2-2-2-2-2-2","status":"publish","type":"page","link":"https:\/\/amc-arnsberg.org\/?page_id=7569","title":{"rendered":"Arnsberger ADAC Klassik 2026"},"content":{"rendered":"\n<h3 class=\"wp-block-heading\">Samstag, 05. September 2026<\/h3>\n\n\n<div class=\"wp-block-image is-style-default\">\n<figure class=\"alignleft size-full\"><a href=\"https:\/\/amc-arnsberg.de\/wp-content\/uploads\/2025\/12\/kl.png\"><img loading=\"lazy\" decoding=\"async\" width=\"323\" height=\"675\" src=\"https:\/\/amc-arnsberg.de\/wp-content\/uploads\/2025\/12\/kl.png\" alt=\"\" class=\"wp-image-7692\" srcset=\"https:\/\/amc-arnsberg.org\/wp-content\/uploads\/2025\/12\/kl.png 323w, https:\/\/amc-arnsberg.org\/wp-content\/uploads\/2025\/12\/kl-144x300.png 144w\" sizes=\"auto, (max-width: 323px) 100vw, 323px\" \/><\/a><\/figure>\n<\/div>\n\n\n<p>Die Arnsberger ADAC Klassik \u2013 B\u00f6rde- und Sauerlandtour \u2013 ist eine traditionelle Oldtimerfahrt f\u00fcr Liebhaber klassischer Automobile und Youngtimer. Auf rund 160 Kilometern in zwei Etappen erleben die Teilnehmer die sch\u00f6nsten Stra\u00dfen des Sauerlands.<br>F\u00fcr Einsteiger und Genie\u00dfer gibt es die touristische Wertung mit einfachen Orientierungsaufgaben. Wer etwas mehr Herausforderung sucht, w\u00e4hlt die sportliche Wertung. Hierbei steht das Auffinden der Strecke im Mittelpunkt. Bei Zeit- und Gleichm\u00e4\u00dfigkeitspr\u00fcfungen zeigen die Teams ihr K\u00f6nnen. So ist die Fahrt gleicherma\u00dfen attraktiv f\u00fcr Neulinge wie f\u00fcr erfahrene Oldtimerfreunde.<\/p>\n\n\n\n<p>Zugelassene Fahrzeuge: Old- und Youngtimer bis 2001<br>Wertung: Touristisch und Motortouristisch<br>in verschiedenen Klassen<\/p>\n\n\n\n<p>In diesem Jahr tr\u00e4gt die Ausfahrt den Titel&nbsp;<em>Tour durch B\u00f6rde<br>und Sauerland<\/em>.<\/p>\n\n\n\n<h4 class=\"wp-block-heading\"><strong>Ausschreibung<\/strong><\/h4>\n\n\n\n<div class=\"wp-block-file\"><a id=\"wp-block-file--media-b0671c4b-f9af-47ae-987a-186443a02760\" href=\"https:\/\/amc-arnsberg.de\/wp-content\/uploads\/2025\/11\/kl26_ausschreibung_v1.pdf\" target=\"_blank\" rel=\"noreferrer noopener\">Ausschreibung 34. Arnsberger ADAC Klassik<\/a><a href=\"https:\/\/amc-arnsberg.de\/wp-content\/uploads\/2025\/11\/kl26_ausschreibung_v1.pdf\" class=\"wp-block-file__button wp-element-button\" download aria-describedby=\"wp-block-file--media-b0671c4b-f9af-47ae-987a-186443a02760\">Herunterladen<\/a><\/div>\n\n\n\n<hr class=\"wp-block-separator has-alpha-channel-opacity\"\/>\n\n\n\n<h4 class=\"wp-block-heading\"><strong>Online Nennung<\/strong><\/h4>\n\n\n\n<p>F\u00fcr eine verbindliche Anmeldung zur Veranstaltung verwenden sie bitte das <a href=\"https:\/\/amc-arnsberg.de\/?page_id=6117\">online Nennformular.<\/a><\/p>\n\n\n\n<hr class=\"wp-block-separator has-alpha-channel-opacity\"\/>\n\n\n\n<h4 class=\"wp-block-heading\">Teilnehmerliste<\/h4>\n\n\n\n<p><a href=\"http:\/\/ge-ho.feste-ip.net:62192\/tln\/index.php?vid=25\">Hier geht es zu den Teilnehmern<\/a><\/p>\n\n\n\n<p><\/p>\n","protected":false},"excerpt":{"rendered":"<p>Samstag, 05. September 2026 Die Arnsberger ADAC Klassik \u2013 B\u00f6rde- und Sauerlandtour \u2013 ist eine traditionelle Oldtimerfahrt f\u00fcr Liebhaber klassischer Automobile und Youngtimer. Auf rund 160 Kilometern in zwei Etappen erleben die Teilnehmer die sch\u00f6nsten Stra\u00dfen des Sauerlands.F\u00fcr Einsteiger und Genie\u00dfer gibt es die touristische Wertung mit einfachen Orientierungsaufgaben. Wer etwas mehr Herausforderung sucht, w\u00e4hlt &hellip; <\/p>\n<p class=\"link-more\"><a href=\"https:\/\/amc-arnsberg.org\/?page_id=7569\" class=\"more-link\"><span class=\"screen-reader-text\">\u201eArnsberger ADAC Klassik 2026\u201c<\/span> weiterlesen<\/a><\/p>\n","protected":false},"author":5,"featured_media":0,"parent":17,"menu_order":1,"comment_status":"open","ping_status":"open","template":"","meta":{"footnotes":""},"class_list":["post-7569","page","type-page","status-publish","hentry"],"_links":{"self":[{"href":"https:\/\/amc-arnsberg.org\/index.php?rest_route=\/wp\/v2\/pages\/7569","targetHints":{"allow":["GET"]}}],"collection":[{"href":"https:\/\/amc-arnsberg.org\/index.php?rest_route=\/wp\/v2\/pages"}],"about":[{"href":"https:\/\/amc-arnsberg.org\/index.php?rest_route=\/wp\/v2\/types\/page"}],"author":[{"embeddable":true,"href":"https:\/\/amc-arnsberg.org\/index.php?rest_route=\/wp\/v2\/users\/5"}],"replies":[{"embeddable":true,"href":"https:\/\/amc-arnsberg.org\/index.php?rest_route=%2Fwp%2Fv2%2Fcomments&post=7569"}],"version-history":[{"count":7,"href":"https:\/\/amc-arnsberg.org\/index.php?rest_route=\/wp\/v2\/pages\/7569\/revisions"}],"predecessor-version":[{"id":7738,"href":"https:\/\/amc-arnsberg.org\/index.php?rest_route=\/wp\/v2\/pages\/7569\/revisions\/7738"}],"up":[{"embeddable":true,"href":"https:\/\/amc-arnsberg.org\/index.php?rest_route=\/wp\/v2\/pages\/17"}],"wp:attachment":[{"href":"https:\/\/amc-arnsberg.org\/index.php?rest_route=%2Fwp%2Fv2%2Fmedia&parent=7569"}],"curies":[{"name":"wp","href":"https:\/\/api.w.org\/{rel}","templated":true}]}}